{"id":2376,"date":"2025-11-17T21:15:43","date_gmt":"2025-11-18T00:15:43","guid":{"rendered":"https:\/\/hechosdetango.com.ar\/?page_id=2376"},"modified":"2026-02-28T11:57:22","modified_gmt":"2026-02-28T14:57:22","slug":"acerca-de","status":"publish","type":"page","link":"https:\/\/hechosdetango.com.ar\/?page_id=2376","title":{"rendered":"Acerca de&#8230;"},"content":{"rendered":"\n<p class=\"has-ast-global-color-1-background-color has-background\"><strong>I. Nuestro Prop\u00f3sito y Enfoque<\/strong><\/p>\n\n\n\n<p>La <strong>Escuela Hechos de Tango<\/strong> fue fundada con el objetivo de ofrecer una <strong>ense\u00f1anza integral y profunda del tango<\/strong>. Somos la <strong>primera escuela de este tipo en la Provincia de Entre R\u00edos<\/strong>, proponiendo un espacio donde el g\u00e9nero se aborda en todas sus dimensiones: <strong>la danza, la m\u00fasica, su historia y su impacto social.<\/strong><\/p>\n\n\n\n<p>Nuestro programa educativo abarca el Tango en su totalidad, incluyendo <strong>Danza, Canto, M\u00fasica, Historia, entrenamiento f\u00edsico y expresividad<\/strong>. Esto garantiza una formaci\u00f3n completa para nuestros alumnos. Adem\u00e1s, impulsamos activamente proyectos de \u00edndole social junto a nuestros estudiantes, fortaleciendo los v\u00ednculos con nuestra comunidad. La Escuela ofrece sus clases en <strong>dos sedes f\u00edsicas<\/strong>: el <strong>Club Social Gualeguay<\/strong> y en su sede del <strong>Shopping Altos del Gualeguay<\/strong>, complementadas con la <strong>modalidad virtual<\/strong>.<\/p>\n\n\n\n<p class=\"has-ast-global-color-1-background-color has-background\"><strong>II. Direcci\u00f3n y Trayectoria<\/strong><\/p>\n\n\n\n<p>La Escuela fue fundada y es dirigida por <strong>Alejandra G\u00f3mez y Ariel Delaloye<\/strong>, ambos <strong>Profesores Superiores de Tango<\/strong>, con m\u00e1s de ocho a\u00f1os de experiencia en la ense\u00f1anza y difusi\u00f3n del g\u00e9nero. Las clases de los diferentes talleres que brinda la escuela son dictados por profesionales especializados en tango, garantizando un alto nivel de conocimiento del g\u00e9nero y una metodolog\u00eda de ense\u00f1anza enfocada en la formaci\u00f3n completa del alumno.<\/p>\n\n\n\n<p class=\"has-ast-global-color-1-background-color has-background\"><strong>III. Reconocimiento y Presencia<\/strong><\/p>\n\n\n\n<p>La labor de la escuela ha sido respaldada por diversas instituciones y ha tenido una destacada participaci\u00f3n en eventos clave:<\/p>\n\n\n\n<ul class=\"wp-block-list\">\n<li><strong>Distinci\u00f3n Oficial:<\/strong> La Escuela ha sido reconocida como <strong>\u201cde Inter\u00e9s Cultural, Art\u00edstico y Educativo\u201d<\/strong> por el Honorable Concejo Deliberante de Gualeguay.<\/li>\n\n\n\n<li><strong>Alcance Regional e Internacional:<\/strong> Hemos participado en diferentes municipios y festivales de la regi\u00f3n, llevando la ense\u00f1anza y exhibiciones de Tango a distintos escenarios. A nivel internacional, tuvimos el orgullo de representar a la provincia de Entre R\u00edos en los festejos virtuales por el <strong>D\u00eda del Tango 2021<\/strong>, un evento que conect\u00f3 a m\u00e1s de 50 ciudades de todo el mundo.<\/li>\n<\/ul>\n\n\n\n<p class=\"has-ast-global-color-1-background-color has-background\"><strong>IV. Participaci\u00f3n en Eventos Destacados<\/strong><\/p>\n\n\n\n<p>La Escuela Hechos de Tango mantiene una participaci\u00f3n constante en la vida cultural de la ciudad y la regi\u00f3n, incluyendo:<\/p>\n\n\n\n<ul class=\"wp-block-list\">\n<li><strong>Festival Internacional de Tango de Gualeguay:<\/strong> Participaci\u00f3n o colaboraci\u00f3n en todas las ediciones, incluyendo clases y exhibiciones, y a trav\u00e9s de su <strong>Grupo Coreogr\u00e1fico<\/strong>.<\/li>\n\n\n\n<li><strong>Colaboraci\u00f3n Social:<\/strong> La Escuela ha participado y organizado diversos eventos con fines sociales, colaborando tambi\u00e9n con instituciones locales como la Pro Copa de Leche, los Hogares de Ni\u00f1os de la ciudad y la Escuela Lucecitas.<\/li>\n\n\n\n<li><strong>Eventos Oficiales:<\/strong> Participaci\u00f3n en la Inauguraci\u00f3n del <strong>Auditorio Municipal de Gualeguay<\/strong>, <strong>La Noche de los Museos<\/strong>, <strong>Fiesta Provincial de la Poes\u00eda<\/strong>, y la promoci\u00f3n del <strong>Centro Comercial a Cielo Abierto<\/strong>.<\/li>\n\n\n\n<li><strong>Galas y Festivales:<\/strong> Festejos por el D\u00eda del Tango en varios a\u00f1os, &#8220;Pre Fiesta de las Colectividades&#8221;, \u201cLadys Tango Festival\u201d (Santa Fe), la Gala para los \u201cNi\u00f1os Cantores de Par\u00eds\u201d, entre otros.<\/li>\n<\/ul>\n\n\n\n<hr class=\"wp-block-separator has-alpha-channel-opacity is-style-default\" style=\"margin-top:var(--wp--preset--spacing--40);margin-bottom:var(--wp--preset--spacing--40)\"\/>\n\n\n\n<div class=\"wp-block-media-text is-stacked-on-mobile\" style=\"grid-template-columns:36% auto\"><figure class=\"wp-block-media-text__media\"><img loading=\"lazy\" decoding=\"async\" width=\"1024\" height=\"1024\" src=\"https:\/\/hechosdetango.com.ar\/wp-content\/uploads\/2026\/02\/cortada-IMG_20260119_220949729-1024x1024.jpg\" alt=\"\" class=\"wp-image-2474 size-full\" srcset=\"https:\/\/hechosdetango.com.ar\/wp-content\/uploads\/2026\/02\/cortada-IMG_20260119_220949729-1024x1024.jpg 1024w, https:\/\/hechosdetango.com.ar\/wp-content\/uploads\/2026\/02\/cortada-IMG_20260119_220949729-300x300.jpg 300w, https:\/\/hechosdetango.com.ar\/wp-content\/uploads\/2026\/02\/cortada-IMG_20260119_220949729-150x150.jpg 150w, https:\/\/hechosdetango.com.ar\/wp-content\/uploads\/2026\/02\/cortada-IMG_20260119_220949729-768x768.jpg 768w, https:\/\/hechosdetango.com.ar\/wp-content\/uploads\/2026\/02\/cortada-IMG_20260119_220949729-1536x1536.jpg 1536w, https:\/\/hechosdetango.com.ar\/wp-content\/uploads\/2026\/02\/cortada-IMG_20260119_220949729-2048x2048.jpg 2048w\" sizes=\"auto, (max-width: 1024px) 100vw, 1024px\" \/><\/figure><div class=\"wp-block-media-text__content\">\n<p><strong>Alejandra G\u00f3mez <\/strong>&#8211; Profesora Superior de Tango<\/p>\n\n\n\n<p><strong>Ariel Delaloye <\/strong>&#8211; Profesor Superior de Tango<\/p>\n<\/div><\/div>\n","protected":false},"excerpt":{"rendered":"<p>I. Nuestro Prop\u00f3sito y Enfoque La Escuela Hechos de Tango fue fundada con el objetivo de ofrecer una ense\u00f1anza integral [&hellip;]<\/p>\n","protected":false},"author":1,"featured_media":0,"parent":0,"menu_order":0,"comment_status":"closed","ping_status":"closed","template":"","meta":{"site-sidebar-layout":"default","site-content-layout":"","ast-site-content-layout":"default","site-content-style":"default","site-sidebar-style":"default","ast-global-header-display":"","ast-banner-title-visibility":"","ast-main-header-display":"","ast-hfb-above-header-display":"","ast-hfb-below-header-display":"","ast-hfb-mobile-header-display":"","site-post-title":"","ast-breadcrumbs-content":"","ast-featured-img":"","footer-sml-layout":"","theme-transparent-header-meta":"","adv-header-id-meta":"","stick-header-meta":"","header-above-stick-meta":"","header-main-stick-meta":"","header-below-stick-meta":"","astra-migrate-meta-layouts":"default","ast-page-background-enabled":"default","ast-page-background-meta":{"desktop":{"background-color":"var(--ast-global-color-5)","background-image":"","background-repeat":"repeat","background-position":"center center","background-size":"auto","background-attachment":"scroll","background-type":"","background-media":"","overlay-type":"","overlay-color":"","overlay-opacity":"","overlay-gradient":""},"tablet":{"background-color":"","background-image":"","background-repeat":"repeat","background-position":"center center","background-size":"auto","background-attachment":"scroll","background-type":"","background-media":"","overlay-type":"","overlay-color":"","overlay-opacity":"","overlay-gradient":""},"mobile":{"background-color":"","background-image":"","background-repeat":"repeat","background-position":"center center","background-size":"auto","background-attachment":"scroll","background-type":"","background-media":"","overlay-type":"","overlay-color":"","overlay-opacity":"","overlay-gradient":""}},"ast-content-background-meta":{"desktop":{"background-color":"var(--ast-global-color-4)","background-image":"","background-repeat":"repeat","background-position":"center center","background-size":"auto","background-attachment":"scroll","background-type":"","background-media":"","overlay-type":"","overlay-color":"","overlay-opacity":"","overlay-gradient":""},"tablet":{"background-color":"var(--ast-global-color-4)","background-image":"","background-repeat":"repeat","background-position":"center center","background-size":"auto","background-attachment":"scroll","background-type":"","background-media":"","overlay-type":"","overlay-color":"","overlay-opacity":"","overlay-gradient":""},"mobile":{"background-color":"var(--ast-global-color-4)","background-image":"","background-repeat":"repeat","background-position":"center center","background-size":"auto","background-attachment":"scroll","background-type":"","background-media":"","overlay-type":"","overlay-color":"","overlay-opacity":"","overlay-gradient":""}},"h5ap_radio_sources":[],"footnotes":""},"class_list":["post-2376","page","type-page","status-publish","hentry"],"_links":{"self":[{"href":"https:\/\/hechosdetango.com.ar\/index.php?rest_route=\/wp\/v2\/pages\/2376","targetHints":{"allow":["GET"]}}],"collection":[{"href":"https:\/\/hechosdetango.com.ar\/index.php?rest_route=\/wp\/v2\/pages"}],"about":[{"href":"https:\/\/hechosdetango.com.ar\/index.php?rest_route=\/wp\/v2\/types\/page"}],"author":[{"embeddable":true,"href":"https:\/\/hechosdetango.com.ar\/index.php?rest_route=\/wp\/v2\/users\/1"}],"replies":[{"embeddable":true,"href":"https:\/\/hechosdetango.com.ar\/index.php?rest_route=%2Fwp%2Fv2%2Fcomments&post=2376"}],"version-history":[{"count":2,"href":"https:\/\/hechosdetango.com.ar\/index.php?rest_route=\/wp\/v2\/pages\/2376\/revisions"}],"predecessor-version":[{"id":2476,"href":"https:\/\/hechosdetango.com.ar\/index.php?rest_route=\/wp\/v2\/pages\/2376\/revisions\/2476"}],"wp:attachment":[{"href":"https:\/\/hechosdetango.com.ar\/index.php?rest_route=%2Fwp%2Fv2%2Fmedia&parent=2376"}],"curies":[{"name":"wp","href":"https:\/\/api.w.org\/{rel}","templated":true}]}}