{"id":9,"date":"2025-11-14T19:10:53","date_gmt":"2025-11-14T22:10:53","guid":{"rendered":"https:\/\/hechosdetango.com.ar\/?page_id=9"},"modified":"2026-02-27T10:48:38","modified_gmt":"2026-02-27T13:48:38","slug":"inicio","status":"publish","type":"page","link":"https:\/\/hechosdetango.com.ar\/","title":{"rendered":"Inicio"},"content":{"rendered":"\n<div class=\"wp-block-cover alignfull has-parallax\" style=\"min-height:720px;aspect-ratio:unset;\"><div class=\"wp-block-cover__image-background wp-image-27 size-large has-parallax\" style=\"background-position:50% 50%;background-image:url(https:\/\/hechosdetango.com.ar\/wp-content\/uploads\/2025\/11\/fondolocal-1024x576.jpg)\"><\/div><span aria-hidden=\"true\" class=\"wp-block-cover__background has-ast-global-color-0-background-color has-background-dim\"><\/span><div class=\"wp-block-cover__inner-container is-layout-flow wp-block-cover-is-layout-flow\">\n<div class=\"inherit-container-width wp-block-group alignwide is-layout-constrained wp-block-group-is-layout-constrained\">\n<div class=\"wp-block-media-text alignwide has-media-on-the-right is-stacked-on-mobile is-vertically-aligned-center\" style=\"grid-template-columns:auto 38%\"><div class=\"wp-block-media-text__content\">\n<h1 class=\"wp-block-heading has-text-align-left has-white-color has-text-color\">\u00a1Viv\u00ed el Tango!<\/h1>\n\n\n\n<p class=\"has-white-color has-text-color\"><strong>Somos la Primera Escuela Integral de Tango de Entre R\u00edos.<\/strong> Ocho a\u00f1os dedicados a enriquecer la cultura tanguera de Gualeguay<\/p>\n\n\n\n<div class=\"wp-block-buttons is-layout-flex wp-block-buttons-is-layout-flex\">\n<div class=\"wp-block-button\"><a class=\"wp-block-button__link wp-element-button\" href=\"https:\/\/wa.me\/5493444576429\" target=\"_blank\" rel=\"noreferrer noopener\">Consultar<\/a><\/div>\n<\/div>\n<\/div><figure class=\"wp-block-media-text__media\"><img loading=\"lazy\" decoding=\"async\" width=\"360\" height=\"140\" src=\"https:\/\/hechosdetango.com.ar\/wp-content\/uploads\/2025\/11\/logoblanco.png\" alt=\"\" class=\"wp-image-32 size-full\" srcset=\"https:\/\/hechosdetango.com.ar\/wp-content\/uploads\/2025\/11\/logoblanco.png 360w, https:\/\/hechosdetango.com.ar\/wp-content\/uploads\/2025\/11\/logoblanco-300x117.png 300w, https:\/\/hechosdetango.com.ar\/wp-content\/uploads\/2025\/11\/logoblanco-184x72.png 184w\" sizes=\"auto, (max-width: 360px) 100vw, 360px\" \/><\/figure><\/div>\n<\/div>\n<\/div><\/div>\n\n\n\n<div class=\"wp-block-group alignfull is-layout-constrained wp-container-core-group-is-layout-45b0ac4f wp-block-group-is-layout-constrained\" id=\"services\" style=\"padding-top:144px;padding-bottom:0px\">\n<h2 class=\"wp-block-heading\">Nuestros Talleres<\/h2>\n\n\n\n<div class=\"wp-block-columns is-layout-flex wp-container-core-columns-is-layout-60cbf9bb wp-block-columns-is-layout-flex\" style=\"margin-top:50px\">\n<div class=\"wp-block-column is-layout-flow wp-container-core-column-is-layout-6b73ce23 wp-block-column-is-layout-flow\">\n<figure class=\"wp-block-image size-full\"><img loading=\"lazy\" decoding=\"async\" width=\"480\" height=\"600\" src=\"https:\/\/hechosdetango.com.ar\/wp-content\/uploads\/2025\/11\/5.png\" alt=\"\" class=\"wp-image-49\" srcset=\"https:\/\/hechosdetango.com.ar\/wp-content\/uploads\/2025\/11\/5.png 480w, https:\/\/hechosdetango.com.ar\/wp-content\/uploads\/2025\/11\/5-240x300.png 240w\" sizes=\"auto, (max-width: 480px) 100vw, 480px\" \/><\/figure>\n\n\n\n<h3 class=\"wp-block-heading\" style=\"margin-top:16px\">Tango Danza<\/h3>\n\n\n\n<p>Talleres de <strong>Tango Pista <\/strong>y <strong>Tango Escenario<\/strong>. \u00a1Form\u00e1 parte de nuestro <strong>Grupo Coreogr\u00e1fico<\/strong>!<\/p>\n<\/div>\n\n\n\n<div class=\"wp-block-column is-layout-flow wp-container-core-column-is-layout-6b73ce23 wp-block-column-is-layout-flow\">\n<figure class=\"wp-block-image size-full\"><img loading=\"lazy\" decoding=\"async\" width=\"480\" height=\"600\" src=\"https:\/\/hechosdetango.com.ar\/wp-content\/uploads\/2025\/11\/4.png\" alt=\"\" class=\"wp-image-51\" srcset=\"https:\/\/hechosdetango.com.ar\/wp-content\/uploads\/2025\/11\/4.png 480w, https:\/\/hechosdetango.com.ar\/wp-content\/uploads\/2025\/11\/4-240x300.png 240w\" sizes=\"auto, (max-width: 480px) 100vw, 480px\" \/><\/figure>\n\n\n\n<h3 class=\"wp-block-heading\" style=\"margin-top:16px\">Guitarra<\/h3>\n\n\n\n<p>Comenz\u00e1 a tocar la guitarra y acompa\u00f1\u00e1 a cualquier cantante. Pr\u00f3ximamente m\u00e1s instrumentos.<\/p>\n<\/div>\n\n\n\n<div class=\"wp-block-column is-layout-flow wp-container-core-column-is-layout-6b73ce23 wp-block-column-is-layout-flow\">\n<figure class=\"wp-block-image size-full\"><img loading=\"lazy\" decoding=\"async\" width=\"480\" height=\"600\" src=\"https:\/\/hechosdetango.com.ar\/wp-content\/uploads\/2025\/11\/3.png\" alt=\"\" class=\"wp-image-52\" srcset=\"https:\/\/hechosdetango.com.ar\/wp-content\/uploads\/2025\/11\/3.png 480w, https:\/\/hechosdetango.com.ar\/wp-content\/uploads\/2025\/11\/3-240x300.png 240w\" sizes=\"auto, (max-width: 480px) 100vw, 480px\" \/><\/figure>\n\n\n\n<h3 class=\"wp-block-heading\" style=\"margin-top:16px\">T\u00e9cnica vocal<\/h3>\n\n\n\n<p>Aprend\u00e9 toda la t\u00e9cnica vocal necesaria para interpretar Tangos, Valses, Milongas&#8230;<\/p>\n\n\n\n<p><\/p>\n<\/div>\n<\/div>\n\n\n\n<div class=\"wp-block-buttons alignwide has-custom-font-size has-large-font-size is-content-justification-center is-layout-flex wp-container-core-buttons-is-layout-3380232a wp-block-buttons-is-layout-flex\" style=\"border-style:none;border-width:0px;border-top-left-radius:0px;border-top-right-radius:0px;border-bottom-left-radius:0px;border-bottom-right-radius:0px;padding-top:0;padding-bottom:0\">\n<div class=\"wp-block-button\"><a class=\"wp-block-button__link wp-element-button\" href=\"https:\/\/hechosdetango.com.ar\/?page_id=2344\">Ver todos los talleres 2026<\/a><\/div>\n<\/div>\n<\/div>\n\n\n\n<div class=\"wp-block-group alignfull has-ast-global-color-5-background-color has-background is-layout-constrained wp-container-core-group-is-layout-df798d2b wp-block-group-is-layout-constrained\" style=\"margin-top:var(--wp--preset--spacing--60);margin-bottom:var(--wp--preset--spacing--60);padding-bottom:0px\">\n<div class=\"wp-block-columns are-vertically-aligned-top is-layout-flex wp-container-core-columns-is-layout-00723822 wp-block-columns-is-layout-flex\">\n<div class=\"wp-block-column is-vertically-aligned-top is-layout-flow wp-container-core-column-is-layout-6b73ce23 wp-block-column-is-layout-flow\">\n<figure class=\"wp-block-image aligncenter size-full is-resized\"><img loading=\"lazy\" decoding=\"async\" width=\"256\" height=\"256\" src=\"https:\/\/hechosdetango.com.ar\/wp-content\/uploads\/2025\/11\/Grupales.png\" alt=\"\" class=\"wp-image-2388\" style=\"width:116px\" srcset=\"https:\/\/hechosdetango.com.ar\/wp-content\/uploads\/2025\/11\/Grupales.png 256w, https:\/\/hechosdetango.com.ar\/wp-content\/uploads\/2025\/11\/Grupales-150x150.png 150w\" sizes=\"auto, (max-width: 256px) 100vw, 256px\" \/><\/figure>\n\n\n\n<h3 class=\"wp-block-heading has-text-align-center\" style=\"margin-top:16px\">Clases Grupales<\/h3>\n\n\n\n<p class=\"has-text-align-center\">M\u00e1s que baile: <strong>Tango Danza<\/strong>, <strong>Canto<\/strong>, <strong>Guitarra<\/strong>, <strong>Entrenamiento<\/strong>. Aprende a bailar, interpretar y sentir la m\u00fasica Argentina. Grupos para todas las edades.<\/p>\n<\/div>\n\n\n\n<div class=\"wp-block-column is-vertically-aligned-top is-layout-flow wp-container-core-column-is-layout-6b73ce23 wp-block-column-is-layout-flow\">\n<figure class=\"wp-block-image aligncenter size-full is-resized\"><img loading=\"lazy\" decoding=\"async\" width=\"256\" height=\"256\" src=\"https:\/\/hechosdetango.com.ar\/wp-content\/uploads\/2025\/11\/Privadas.png\" alt=\"\" class=\"wp-image-2389\" style=\"width:116px\" srcset=\"https:\/\/hechosdetango.com.ar\/wp-content\/uploads\/2025\/11\/Privadas.png 256w, https:\/\/hechosdetango.com.ar\/wp-content\/uploads\/2025\/11\/Privadas-150x150.png 150w\" sizes=\"auto, (max-width: 256px) 100vw, 256px\" \/><\/figure>\n\n\n\n<h3 class=\"wp-block-heading has-text-align-center\" style=\"margin-top:16px\">Clases Privadas<\/h3>\n\n\n\n<p class=\"has-text-align-center\">Perfecciona tu t\u00e9cnica o prep\u00e1rate para un evento. <strong>Clases individuales o en pareja<\/strong> con horarios flexibles. Atenci\u00f3n personalizada centrada en tus <strong>objetivos y ritmo de aprendizaje<\/strong>.<\/p>\n<\/div>\n\n\n\n<div class=\"wp-block-column is-vertically-aligned-top is-layout-flow wp-container-core-column-is-layout-6b73ce23 wp-block-column-is-layout-flow\">\n<figure class=\"wp-block-image aligncenter size-full is-resized\"><img loading=\"lazy\" decoding=\"async\" width=\"256\" height=\"256\" src=\"https:\/\/hechosdetango.com.ar\/wp-content\/uploads\/2025\/11\/Eventos.png\" alt=\"\" class=\"wp-image-2390\" style=\"width:116px\" srcset=\"https:\/\/hechosdetango.com.ar\/wp-content\/uploads\/2025\/11\/Eventos.png 256w, https:\/\/hechosdetango.com.ar\/wp-content\/uploads\/2025\/11\/Eventos-150x150.png 150w\" sizes=\"auto, (max-width: 256px) 100vw, 256px\" \/><\/figure>\n\n\n\n<h3 class=\"wp-block-heading has-text-align-center\" style=\"margin-top:16px\">Eventos<\/h3>\n\n\n\n<p class=\"has-text-align-center\">Sumergite en la cultura del tango. Organizamos <strong>Milongas<\/strong> para bailar y <strong>Pr\u00e1cticas<\/strong> guiadas semanales para reforzar tus pasos. El lugar ideal para socializar y poner en pr\u00e1ctica lo aprendido.<\/p>\n<\/div>\n\n\n\n<div class=\"wp-block-column is-vertically-aligned-top is-layout-flow wp-container-core-column-is-layout-6b73ce23 wp-block-column-is-layout-flow\">\n<figure class=\"wp-block-image aligncenter size-full is-resized\"><img loading=\"lazy\" decoding=\"async\" width=\"256\" height=\"256\" src=\"https:\/\/hechosdetango.com.ar\/wp-content\/uploads\/2025\/11\/Docentes.png\" alt=\"\" class=\"wp-image-2391\" style=\"width:116px;height:auto\" srcset=\"https:\/\/hechosdetango.com.ar\/wp-content\/uploads\/2025\/11\/Docentes.png 256w, https:\/\/hechosdetango.com.ar\/wp-content\/uploads\/2025\/11\/Docentes-150x150.png 150w\" sizes=\"auto, (max-width: 256px) 100vw, 256px\" \/><\/figure>\n\n\n\n<h3 class=\"wp-block-heading has-text-align-center\" style=\"margin-top:16px\">Equipo<\/h3>\n\n\n\n<p class=\"has-text-align-center\">Nuestros profesores son <strong>especialistas en Tango<\/strong> con trayectoria y formaci\u00f3n espec\u00edfica. Garantizamos una ense\u00f1anza de calidad, pasi\u00f3n por el g\u00e9nero y una <strong>pedagog\u00eda adaptada<\/strong> a cada alumno.<\/p>\n<\/div>\n<\/div>\n<\/div>\n\n\n\n<div class=\"wp-block-group alignfull has-ast-global-color-5-background-color has-background is-layout-constrained wp-container-core-group-is-layout-94d206d0 wp-block-group-is-layout-constrained\" id=\"about\" style=\"padding-top:143px;padding-bottom:144px\">\n<div class=\"wp-block-media-text has-media-on-the-right is-stacked-on-mobile is-vertically-aligned-center\" style=\"grid-template-columns:auto 28%\"><div class=\"wp-block-media-text__content\">\n<div class=\"inherit-container-width wp-block-group is-layout-constrained wp-container-core-group-is-layout-47ce07ec wp-block-group-is-layout-constrained\" style=\"padding-right:80px\">\n<h2 class=\"wp-block-heading\" style=\"padding-right:40px\">Experiment\u00e1 la verdadera conexi\u00f3n<\/h2>\n\n\n\n<p>Detenete. Cerr\u00e1 los ojos y sent\u00ed la m\u00fasica. El abrazo tanguero es una invitaci\u00f3n a la <strong>intimidad y a la presencia total<\/strong>, donde el mundo exterior se disuelve. Es el espacio donde la gu\u00eda y la escucha se encuentran, permiti\u00e9ndote <strong>caminar sin palabras<\/strong> y crear algo hermoso, \u00fanico e irrepetible. Ven\u00ed y descubr\u00ed por vos mismo esta <strong>conexi\u00f3n profunda<\/strong>. Te ense\u00f1aremos para que puedas sentir y bailar con el alma.<\/p>\n<\/div>\n<\/div><figure class=\"wp-block-media-text__media\"><img loading=\"lazy\" decoding=\"async\" width=\"480\" height=\"600\" src=\"https:\/\/hechosdetango.com.ar\/wp-content\/uploads\/2025\/11\/1-1.png\" alt=\"\" class=\"wp-image-56 size-full\" srcset=\"https:\/\/hechosdetango.com.ar\/wp-content\/uploads\/2025\/11\/1-1.png 480w, https:\/\/hechosdetango.com.ar\/wp-content\/uploads\/2025\/11\/1-1-240x300.png 240w\" sizes=\"auto, (max-width: 480px) 100vw, 480px\" \/><\/figure><\/div>\n<\/div>\n\n\n\n<div class=\"wp-block-group alignfull is-content-justification-center is-layout-constrained wp-container-core-group-is-layout-f8b742d1 wp-block-group-is-layout-constrained\" id=\"whyus\" style=\"padding-top:144px;padding-bottom:144px\">\n<h2 class=\"wp-block-heading\">Por qu\u00e9 elegirnos<\/h2>\n\n\n\n<div class=\"wp-block-columns is-layout-flex wp-container-core-columns-is-layout-29aadeec wp-block-columns-is-layout-flex\" style=\"margin-top:60px\">\n<div class=\"wp-block-column is-layout-flow wp-container-core-column-is-layout-6b73ce23 wp-block-column-is-layout-flow\">\n<figure class=\"wp-block-image aligncenter size-full is-resized\"><img loading=\"lazy\" decoding=\"async\" width=\"256\" height=\"256\" src=\"https:\/\/hechosdetango.com.ar\/wp-content\/uploads\/2025\/11\/Pasion.png\" alt=\"\" class=\"wp-image-2394\" style=\"width:116px\" srcset=\"https:\/\/hechosdetango.com.ar\/wp-content\/uploads\/2025\/11\/Pasion.png 256w, https:\/\/hechosdetango.com.ar\/wp-content\/uploads\/2025\/11\/Pasion-150x150.png 150w\" sizes=\"auto, (max-width: 256px) 100vw, 256px\" \/><\/figure>\n\n\n\n<h3 class=\"wp-block-heading has-text-align-center\" style=\"margin-top:16px\">Vocaci\u00f3n<\/h3>\n\n\n\n<p class=\"has-text-align-center\">Somos un equipo que <strong>vive y respira el Tango<\/strong>. M\u00e1s all\u00e1 de la t\u00e9cnica, nos impulsa el profundo amor por esta cultura. Ense\u00f1amos con la energ\u00eda que solo la pasi\u00f3n puede ofrecer, creando un ambiente inspirador donde aprender es una alegr\u00eda y una <strong>celebraci\u00f3n constante<\/strong>.<\/p>\n<\/div>\n\n\n\n<div class=\"wp-block-column is-layout-flow wp-container-core-column-is-layout-6b73ce23 wp-block-column-is-layout-flow\">\n<figure class=\"wp-block-image aligncenter size-full is-resized\"><img loading=\"lazy\" decoding=\"async\" width=\"256\" height=\"256\" src=\"https:\/\/hechosdetango.com.ar\/wp-content\/uploads\/2025\/11\/Profesionalismo.png\" alt=\"\" class=\"wp-image-2395\" style=\"width:116px\" srcset=\"https:\/\/hechosdetango.com.ar\/wp-content\/uploads\/2025\/11\/Profesionalismo.png 256w, https:\/\/hechosdetango.com.ar\/wp-content\/uploads\/2025\/11\/Profesionalismo-150x150.png 150w\" sizes=\"auto, (max-width: 256px) 100vw, 256px\" \/><\/figure>\n\n\n\n<h3 class=\"wp-block-heading has-text-align-center\" style=\"margin-top:16px\">Profesionalismo<\/h3>\n\n\n\n<p class=\"has-text-align-center\">Cada instructor cuenta con una <strong>formaci\u00f3n espec\u00edfica y trayectoria<\/strong> comprobada en el g\u00e9nero. Garantizamos una ense\u00f1anza de alta calidad, basada en metodolog\u00edas probadas y conocimiento profundo de la danza y la m\u00fasica.<\/p>\n<\/div>\n\n\n\n<div class=\"wp-block-column is-layout-flow wp-container-core-column-is-layout-6b73ce23 wp-block-column-is-layout-flow\">\n<figure class=\"wp-block-image aligncenter size-full is-resized\"><img loading=\"lazy\" decoding=\"async\" width=\"256\" height=\"256\" src=\"https:\/\/hechosdetango.com.ar\/wp-content\/uploads\/2025\/11\/Personalizacion.png\" alt=\"\" class=\"wp-image-2396\" style=\"width:116px\" srcset=\"https:\/\/hechosdetango.com.ar\/wp-content\/uploads\/2025\/11\/Personalizacion.png 256w, https:\/\/hechosdetango.com.ar\/wp-content\/uploads\/2025\/11\/Personalizacion-150x150.png 150w\" sizes=\"auto, (max-width: 256px) 100vw, 256px\" \/><\/figure>\n\n\n\n<h3 class=\"wp-block-heading has-text-align-center\" style=\"margin-top:16px\">Personalizaci\u00f3n<\/h3>\n\n\n\n<p class=\"has-text-align-center\">Entendemos que cada persona tiene un tiempo. No te apuramos. Te ofrecemos una <strong>atenci\u00f3n adaptada a tus necesidades y objetivos<\/strong>, asegurando que asimiles cada concepto antes de avanzar. Tu <strong>crecimiento es consciente y s\u00f3lido<\/strong>, sin presiones.<\/p>\n<\/div>\n<\/div>\n<\/div>\n\n\n\n<div class=\"wp-block-group alignfull has-ast-global-color-1-background-color has-background is-layout-constrained wp-container-core-group-is-layout-cfcca693 wp-block-group-is-layout-constrained\" id=\"contact\" style=\"padding-top:104px;padding-bottom:104px\">\n<h2 class=\"wp-block-heading has-text-align-center has-ast-global-color-0-color has-text-color has-large-font-size\" style=\"margin-top:0;margin-right:var(--wp--preset--spacing--40);margin-bottom:0;margin-left:var(--wp--preset--spacing--40)\">\u00a1Contactanos hoy mismo!<\/h2>\n\n\n\n<div class=\"wp-block-buttons alignwide is-horizontal is-content-justification-center is-layout-flex wp-container-core-buttons-is-layout-bba8380a wp-block-buttons-is-layout-flex\" style=\"margin-top:50px\">\n<div class=\"wp-block-button\"><a class=\"wp-block-button__link wp-element-button\" href=\"https:\/\/wa.me\/5493444576429\">Ir a WhatsApp<\/a><\/div>\n<\/div>\n<\/div>\n","protected":false},"excerpt":{"rendered":"<p>Nuestros Talleres Tango Danza Talleres de Tango Pista y Tango Escenario. \u00a1Form\u00e1 parte de nuestro Grupo Coreogr\u00e1fico! Guitarra Comenz\u00e1 a [&hellip;]<\/p>\n","protected":false},"author":1,"featured_media":0,"parent":0,"menu_order":0,"comment_status":"closed","ping_status":"closed","template":"","meta":{"site-sidebar-layout":"no-sidebar","site-content-layout":"plain-container","ast-site-content-layout":"default","site-content-style":"default","site-sidebar-style":"default","ast-global-header-display":"","ast-banner-title-visibility":"","ast-main-header-display":"","ast-hfb-above-header-display":"","ast-hfb-below-header-display":"","ast-hfb-mobile-header-display":"","site-post-title":"disabled","ast-breadcrumbs-content":"","ast-featured-img":"","footer-sml-layout":"","theme-transparent-header-meta":"enabled","adv-header-id-meta":"","stick-header-meta":"","header-above-stick-meta":"","header-main-stick-meta":"","header-below-stick-meta":"","astra-migrate-meta-layouts":"default","ast-page-background-enabled":"default","ast-page-background-meta":{"desktop":{"background-color":"var(--ast-global-color-5)","background-image":"","background-repeat":"repeat","background-position":"center center","background-size":"auto","background-attachment":"scroll","background-type":"","background-media":"","overlay-type":"","overlay-color":"","overlay-opacity":"","overlay-gradient":""},"tablet":{"background-color":"","background-image":"","background-repeat":"repeat","background-position":"center center","background-size":"auto","background-attachment":"scroll","background-type":"","background-media":"","overlay-type":"","overlay-color":"","overlay-opacity":"","overlay-gradient":""},"mobile":{"background-color":"","background-image":"","background-repeat":"repeat","background-position":"center center","background-size":"auto","background-attachment":"scroll","background-type":"","background-media":"","overlay-type":"","overlay-color":"","overlay-opacity":"","overlay-gradient":""}},"ast-content-background-meta":{"desktop":{"background-color":"var(--ast-global-color-4)","background-image":"","background-repeat":"repeat","background-position":"center center","background-size":"auto","background-attachment":"scroll","background-type":"","background-media":"","overlay-type":"","overlay-color":"","overlay-opacity":"","overlay-gradient":""},"tablet":{"background-color":"var(--ast-global-color-4)","background-image":"","background-repeat":"repeat","background-position":"center center","background-size":"auto","background-attachment":"scroll","background-type":"","background-media":"","overlay-type":"","overlay-color":"","overlay-opacity":"","overlay-gradient":""},"mobile":{"background-color":"var(--ast-global-color-4)","background-image":"","background-repeat":"repeat","background-position":"center center","background-size":"auto","background-attachment":"scroll","background-type":"","background-media":"","overlay-type":"","overlay-color":"","overlay-opacity":"","overlay-gradient":""}},"h5ap_radio_sources":[],"footnotes":""},"class_list":["post-9","page","type-page","status-publish","hentry"],"_links":{"self":[{"href":"https:\/\/hechosdetango.com.ar\/index.php?rest_route=\/wp\/v2\/pages\/9","targetHints":{"allow":["GET"]}}],"collection":[{"href":"https:\/\/hechosdetango.com.ar\/index.php?rest_route=\/wp\/v2\/pages"}],"about":[{"href":"https:\/\/hechosdetango.com.ar\/index.php?rest_route=\/wp\/v2\/types\/page"}],"author":[{"embeddable":true,"href":"https:\/\/hechosdetango.com.ar\/index.php?rest_route=\/wp\/v2\/users\/1"}],"replies":[{"embeddable":true,"href":"https:\/\/hechosdetango.com.ar\/index.php?rest_route=%2Fwp%2Fv2%2Fcomments&post=9"}],"version-history":[{"count":28,"href":"https:\/\/hechosdetango.com.ar\/index.php?rest_route=\/wp\/v2\/pages\/9\/revisions"}],"predecessor-version":[{"id":2469,"href":"https:\/\/hechosdetango.com.ar\/index.php?rest_route=\/wp\/v2\/pages\/9\/revisions\/2469"}],"wp:attachment":[{"href":"https:\/\/hechosdetango.com.ar\/index.php?rest_route=%2Fwp%2Fv2%2Fmedia&parent=9"}],"curies":[{"name":"wp","href":"https:\/\/api.w.org\/{rel}","templated":true}]}}